{"id":993,"date":"2022-10-11T14:38:07","date_gmt":"2022-10-11T14:38:07","guid":{"rendered":"https:\/\/nautibotelho.pt\/servicos\/"},"modified":"2022-10-26T14:08:21","modified_gmt":"2022-10-26T14:08:21","slug":"services","status":"publish","type":"page","link":"https:\/\/www.nautibotelho.pt\/fr\/services\/","title":{"rendered":"Services"},"content":{"rendered":"<p>[vc_row][vc_column]<div class=\"row no-margin text-left\"><hr><h4 class=\"\">Nos services<\/h4><\/div>[vc_empty_space][\/vc_column][\/vc_row][vc_row][vc_column][vc_basic_grid post_type=&#8221;servicos&#8221; max_items=&#8221;-1&#8243; item=&#8221;1000&#8243; grid_id=&#8221;vc_gid:1665579691172-54bee49d-d912-5&#8243;][\/vc_column][\/vc_row]<\/p>\n","protected":false},"excerpt":{"rendered":"<p>[vc_row][vc_column][vc_empty_space][\/vc_column][\/vc_row][vc_row][vc_column][vc_basic_grid post_type=&#8221;servicos&#8221; max_items=&#8221;-1&#8243; item=&#8221;1000&#8243; grid_id=&#8221;vc_gid:1665579691172-54bee49d-d912-5&#8243;][\/vc_column][\/vc_row]<\/p>\n","protected":false},"author":1,"featured_media":1261,"parent":0,"menu_order":0,"comment_status":"closed","ping_status":"closed","template":"","meta":[],"acf":[],"yoast_head":"<!-- This site is optimized with the Yoast SEO plugin v19.7.2 - https:\/\/yoast.com\/wordpress\/plugins\/seo\/ -->\n<title>Bateaux Electrique | Reparaci\u00f3n et Entretien de Bateaux - Services<\/title>\n<meta name=\"description\" content=\"Chez NautiBotelho, nous avons toujours une longueur d\u2019avance dans la r\u00e9paration de bateaux electrique. Contactez-nous!\" \/>\n<meta name=\"robots\" content=\"index, follow, max-snippet:-1, max-image-preview:large, max-video-preview:-1\" \/>\n<link rel=\"canonical\" href=\"https:\/\/www.nautibotelho.pt\/fr\/services\/\" \/>\n<meta property=\"og:locale\" content=\"fr_FR\" \/>\n<meta property=\"og:type\" content=\"article\" \/>\n<meta property=\"og:title\" content=\"Bateaux Electrique | Reparaci\u00f3n et Entretien de Bateaux - Services\" \/>\n<meta property=\"og:description\" content=\"Chez NautiBotelho, nous avons toujours une longueur d\u2019avance dans la r\u00e9paration de bateaux electrique. Contactez-nous!\" \/>\n<meta property=\"og:url\" content=\"https:\/\/www.nautibotelho.pt\/fr\/services\/\" \/>\n<meta property=\"og:site_name\" content=\"Nautibotelho - Repara\u00e7\u00e3o\/Manuten\u00e7\u00e3o de Barcos, A\u00e7ores\" \/>\n<meta property=\"article:modified_time\" content=\"2022-10-26T14:08:21+00:00\" \/>\n<meta property=\"og:image\" content=\"https:\/\/www.nautibotelho.pt\/wp-content\/uploads\/2022\/10\/nautibotelho-33-scaled.jpg\" \/>\n\t<meta property=\"og:image:width\" content=\"2560\" \/>\n\t<meta property=\"og:image:height\" content=\"1707\" \/>\n\t<meta property=\"og:image:type\" content=\"image\/jpeg\" \/>\n<meta name=\"twitter:card\" content=\"summary_large_image\" \/>\n<meta name=\"twitter:label1\" content=\"Dur\u00e9e de lecture estim\u00e9e\" \/>\n\t<meta name=\"twitter:data1\" content=\"1 minute\" \/>\n<script type=\"application\/ld+json\" class=\"yoast-schema-graph\">{\"@context\":\"https:\/\/schema.org\",\"@graph\":[{\"@type\":\"WebPage\",\"@id\":\"https:\/\/www.nautibotelho.pt\/fr\/services\/\",\"url\":\"https:\/\/www.nautibotelho.pt\/fr\/services\/\",\"name\":\"Bateaux Electrique | Reparaci\u00f3n et Entretien de Bateaux - Services\",\"isPartOf\":{\"@id\":\"https:\/\/www.nautibotelho.pt\/fr\/#website\"},\"datePublished\":\"2022-10-11T14:38:07+00:00\",\"dateModified\":\"2022-10-26T14:08:21+00:00\",\"description\":\"Chez NautiBotelho, nous avons toujours une longueur d\u2019avance dans la r\u00e9paration de bateaux electrique. Contactez-nous!\",\"breadcrumb\":{\"@id\":\"https:\/\/www.nautibotelho.pt\/fr\/services\/#breadcrumb\"},\"inLanguage\":\"fr-FR\",\"potentialAction\":[{\"@type\":\"ReadAction\",\"target\":[\"https:\/\/www.nautibotelho.pt\/fr\/services\/\"]}]},{\"@type\":\"BreadcrumbList\",\"@id\":\"https:\/\/www.nautibotelho.pt\/fr\/services\/#breadcrumb\",\"itemListElement\":[{\"@type\":\"ListItem\",\"position\":1,\"name\":\"Home\",\"item\":\"https:\/\/www.nautibotelho.pt\/fr\/\"},{\"@type\":\"ListItem\",\"position\":2,\"name\":\"Services\"}]},{\"@type\":\"WebSite\",\"@id\":\"https:\/\/www.nautibotelho.pt\/fr\/#website\",\"url\":\"https:\/\/www.nautibotelho.pt\/fr\/\",\"name\":\"Nautibotelho - Repara\u00e7\u00e3o\/Manuten\u00e7\u00e3o de Barcos, A\u00e7ores\",\"description\":\"\",\"potentialAction\":[{\"@type\":\"SearchAction\",\"target\":{\"@type\":\"EntryPoint\",\"urlTemplate\":\"https:\/\/www.nautibotelho.pt\/fr\/?s={search_term_string}\"},\"query-input\":\"required name=search_term_string\"}],\"inLanguage\":\"fr-FR\"}]}<\/script>\n<!-- \/ Yoast SEO plugin. -->","yoast_head_json":{"title":"Bateaux Electrique | Reparaci\u00f3n et Entretien de Bateaux - Services","description":"Chez NautiBotelho, nous avons toujours une longueur d\u2019avance dans la r\u00e9paration de bateaux electrique. Contactez-nous!","robots":{"index":"index","follow":"follow","max-snippet":"max-snippet:-1","max-image-preview":"max-image-preview:large","max-video-preview":"max-video-preview:-1"},"canonical":"https:\/\/www.nautibotelho.pt\/fr\/services\/","og_locale":"fr_FR","og_type":"article","og_title":"Bateaux Electrique | Reparaci\u00f3n et Entretien de Bateaux - Services","og_description":"Chez NautiBotelho, nous avons toujours une longueur d\u2019avance dans la r\u00e9paration de bateaux electrique. Contactez-nous!","og_url":"https:\/\/www.nautibotelho.pt\/fr\/services\/","og_site_name":"Nautibotelho - Repara\u00e7\u00e3o\/Manuten\u00e7\u00e3o de Barcos, A\u00e7ores","article_modified_time":"2022-10-26T14:08:21+00:00","og_image":[{"width":2560,"height":1707,"url":"https:\/\/www.nautibotelho.pt\/wp-content\/uploads\/2022\/10\/nautibotelho-33-scaled.jpg","type":"image\/jpeg"}],"twitter_card":"summary_large_image","twitter_misc":{"Dur\u00e9e de lecture estim\u00e9e":"1 minute"},"schema":{"@context":"https:\/\/schema.org","@graph":[{"@type":"WebPage","@id":"https:\/\/www.nautibotelho.pt\/fr\/services\/","url":"https:\/\/www.nautibotelho.pt\/fr\/services\/","name":"Bateaux Electrique | Reparaci\u00f3n et Entretien de Bateaux - Services","isPartOf":{"@id":"https:\/\/www.nautibotelho.pt\/fr\/#website"},"datePublished":"2022-10-11T14:38:07+00:00","dateModified":"2022-10-26T14:08:21+00:00","description":"Chez NautiBotelho, nous avons toujours une longueur d\u2019avance dans la r\u00e9paration de bateaux electrique. Contactez-nous!","breadcrumb":{"@id":"https:\/\/www.nautibotelho.pt\/fr\/services\/#breadcrumb"},"inLanguage":"fr-FR","potentialAction":[{"@type":"ReadAction","target":["https:\/\/www.nautibotelho.pt\/fr\/services\/"]}]},{"@type":"BreadcrumbList","@id":"https:\/\/www.nautibotelho.pt\/fr\/services\/#breadcrumb","itemListElement":[{"@type":"ListItem","position":1,"name":"Home","item":"https:\/\/www.nautibotelho.pt\/fr\/"},{"@type":"ListItem","position":2,"name":"Services"}]},{"@type":"WebSite","@id":"https:\/\/www.nautibotelho.pt\/fr\/#website","url":"https:\/\/www.nautibotelho.pt\/fr\/","name":"Nautibotelho - Repara\u00e7\u00e3o\/Manuten\u00e7\u00e3o de Barcos, A\u00e7ores","description":"","potentialAction":[{"@type":"SearchAction","target":{"@type":"EntryPoint","urlTemplate":"https:\/\/www.nautibotelho.pt\/fr\/?s={search_term_string}"},"query-input":"required name=search_term_string"}],"inLanguage":"fr-FR"}]}},"_links":{"self":[{"href":"https:\/\/www.nautibotelho.pt\/fr\/wp-json\/wp\/v2\/pages\/993"}],"collection":[{"href":"https:\/\/www.nautibotelho.pt\/fr\/wp-json\/wp\/v2\/pages"}],"about":[{"href":"https:\/\/www.nautibotelho.pt\/fr\/wp-json\/wp\/v2\/types\/page"}],"author":[{"embeddable":true,"href":"https:\/\/www.nautibotelho.pt\/fr\/wp-json\/wp\/v2\/users\/1"}],"replies":[{"embeddable":true,"href":"https:\/\/www.nautibotelho.pt\/fr\/wp-json\/wp\/v2\/comments?post=993"}],"version-history":[{"count":3,"href":"https:\/\/www.nautibotelho.pt\/fr\/wp-json\/wp\/v2\/pages\/993\/revisions"}],"predecessor-version":[{"id":1158,"href":"https:\/\/www.nautibotelho.pt\/fr\/wp-json\/wp\/v2\/pages\/993\/revisions\/1158"}],"wp:featuredmedia":[{"embeddable":true,"href":"https:\/\/www.nautibotelho.pt\/fr\/wp-json\/wp\/v2\/media\/1261"}],"wp:attachment":[{"href":"https:\/\/www.nautibotelho.pt\/fr\/wp-json\/wp\/v2\/media?parent=993"}],"curies":[{"name":"wp","href":"https:\/\/api.w.org\/{rel}","templated":true}]}}