{"id":1488,"date":"2022-10-31T10:40:13","date_gmt":"2022-10-31T10:40:13","guid":{"rendered":"https:\/\/nautibotelho.pt\/produto\/tubagem-para-agua-potavel-dwhose32a\/"},"modified":"2022-10-31T12:21:30","modified_gmt":"2022-10-31T12:21:30","slug":"tuyauterie-pour-leau-potable-dwhose32a","status":"publish","type":"product","link":"https:\/\/www.nautibotelho.pt\/fr\/produit\/tuyauterie-pour-leau-potable-dwhose32a\/","title":{"rendered":"Tuyauterie pour l&#8217;eau potable  DWHOSE32A"},"content":{"rendered":"","protected":false},"excerpt":{"rendered":"<p>Prix \u200b\u200b\u00e9quivalent \u00e0 chaque m\u00e8tre.<\/p>\n<p>La TVA est ajout\u00e9e \u00e0 la valeur.<\/p>\n","protected":false},"featured_media":1424,"template":"","meta":[],"product_cat":[73],"product_tag":[],"acf":[],"yoast_head":"<!-- This site is optimized with the Yoast SEO plugin v19.7.2 - https:\/\/yoast.com\/wordpress\/plugins\/seo\/ -->\n<title>Tuyauterie pour l&#039;eau potable DWHOSE32A - Nautibotelho - Repara\u00e7\u00e3o\/Manuten\u00e7\u00e3o de Barcos, A\u00e7ores<\/title>\n<meta name=\"robots\" content=\"index, follow, max-snippet:-1, max-image-preview:large, max-video-preview:-1\" \/>\n<link rel=\"canonical\" href=\"https:\/\/www.nautibotelho.pt\/fr\/produit\/tuyauterie-pour-leau-potable-dwhose32a\/\" \/>\n<meta property=\"og:locale\" content=\"fr_FR\" \/>\n<meta property=\"og:type\" content=\"article\" \/>\n<meta property=\"og:title\" content=\"Tuyauterie pour l&#039;eau potable DWHOSE32A - Nautibotelho - Repara\u00e7\u00e3o\/Manuten\u00e7\u00e3o de Barcos, A\u00e7ores\" \/>\n<meta property=\"og:description\" content=\"Prix \u200b\u200b\u00e9quivalent \u00e0 chaque m\u00e8tre.  La TVA est ajout\u00e9e \u00e0 la valeur.\" \/>\n<meta property=\"og:url\" content=\"https:\/\/www.nautibotelho.pt\/fr\/produit\/tuyauterie-pour-leau-potable-dwhose32a\/\" \/>\n<meta property=\"og:site_name\" content=\"Nautibotelho - Repara\u00e7\u00e3o\/Manuten\u00e7\u00e3o de Barcos, A\u00e7ores\" \/>\n<meta property=\"article:modified_time\" content=\"2022-10-31T12:21:30+00:00\" \/>\n<meta property=\"og:image\" content=\"https:\/\/www.nautibotelho.pt\/wp-content\/uploads\/2022\/10\/tubagem_de_agua_potave.png\" \/>\n\t<meta property=\"og:image:width\" content=\"407\" \/>\n\t<meta property=\"og:image:height\" content=\"190\" \/>\n\t<meta property=\"og:image:type\" content=\"image\/png\" \/>\n<meta name=\"twitter:card\" content=\"summary_large_image\" \/>\n<script type=\"application\/ld+json\" class=\"yoast-schema-graph\">{\"@context\":\"https:\/\/schema.org\",\"@graph\":[{\"@type\":\"WebPage\",\"@id\":\"https:\/\/www.nautibotelho.pt\/fr\/produit\/tuyauterie-pour-leau-potable-dwhose32a\/\",\"url\":\"https:\/\/www.nautibotelho.pt\/fr\/produit\/tuyauterie-pour-leau-potable-dwhose32a\/\",\"name\":\"Tuyauterie pour l'eau potable DWHOSE32A - Nautibotelho - Repara\u00e7\u00e3o\/Manuten\u00e7\u00e3o de Barcos, A\u00e7ores\",\"isPartOf\":{\"@id\":\"https:\/\/www.nautibotelho.pt\/fr\/#website\"},\"datePublished\":\"2022-10-31T10:40:13+00:00\",\"dateModified\":\"2022-10-31T12:21:30+00:00\",\"breadcrumb\":{\"@id\":\"https:\/\/www.nautibotelho.pt\/fr\/produit\/tuyauterie-pour-leau-potable-dwhose32a\/#breadcrumb\"},\"inLanguage\":\"fr-FR\",\"potentialAction\":[{\"@type\":\"ReadAction\",\"target\":[\"https:\/\/www.nautibotelho.pt\/fr\/produit\/tuyauterie-pour-leau-potable-dwhose32a\/\"]}]},{\"@type\":\"BreadcrumbList\",\"@id\":\"https:\/\/www.nautibotelho.pt\/fr\/produit\/tuyauterie-pour-leau-potable-dwhose32a\/#breadcrumb\",\"itemListElement\":[{\"@type\":\"ListItem\",\"position\":1,\"name\":\"Home\",\"item\":\"https:\/\/www.nautibotelho.pt\/fr\/\"},{\"@type\":\"ListItem\",\"position\":2,\"name\":\"Boutique\",\"item\":\"https:\/\/www.nautibotelho.pt\/fr\/boutique\/\"},{\"@type\":\"ListItem\",\"position\":3,\"name\":\"Tuyauterie pour l&#8217;eau potable DWHOSE32A\"}]},{\"@type\":\"WebSite\",\"@id\":\"https:\/\/www.nautibotelho.pt\/fr\/#website\",\"url\":\"https:\/\/www.nautibotelho.pt\/fr\/\",\"name\":\"Nautibotelho - Repara\u00e7\u00e3o\/Manuten\u00e7\u00e3o de Barcos, A\u00e7ores\",\"description\":\"\",\"potentialAction\":[{\"@type\":\"SearchAction\",\"target\":{\"@type\":\"EntryPoint\",\"urlTemplate\":\"https:\/\/www.nautibotelho.pt\/fr\/?s={search_term_string}\"},\"query-input\":\"required name=search_term_string\"}],\"inLanguage\":\"fr-FR\"}]}<\/script>\n<!-- \/ Yoast SEO plugin. -->","yoast_head_json":{"title":"Tuyauterie pour l'eau potable DWHOSE32A - Nautibotelho - Repara\u00e7\u00e3o\/Manuten\u00e7\u00e3o de Barcos, A\u00e7ores","robots":{"index":"index","follow":"follow","max-snippet":"max-snippet:-1","max-image-preview":"max-image-preview:large","max-video-preview":"max-video-preview:-1"},"canonical":"https:\/\/www.nautibotelho.pt\/fr\/produit\/tuyauterie-pour-leau-potable-dwhose32a\/","og_locale":"fr_FR","og_type":"article","og_title":"Tuyauterie pour l'eau potable DWHOSE32A - Nautibotelho - Repara\u00e7\u00e3o\/Manuten\u00e7\u00e3o de Barcos, A\u00e7ores","og_description":"Prix \u200b\u200b\u00e9quivalent \u00e0 chaque m\u00e8tre.  La TVA est ajout\u00e9e \u00e0 la valeur.","og_url":"https:\/\/www.nautibotelho.pt\/fr\/produit\/tuyauterie-pour-leau-potable-dwhose32a\/","og_site_name":"Nautibotelho - Repara\u00e7\u00e3o\/Manuten\u00e7\u00e3o de Barcos, A\u00e7ores","article_modified_time":"2022-10-31T12:21:30+00:00","og_image":[{"width":407,"height":190,"url":"https:\/\/www.nautibotelho.pt\/wp-content\/uploads\/2022\/10\/tubagem_de_agua_potave.png","type":"image\/png"}],"twitter_card":"summary_large_image","schema":{"@context":"https:\/\/schema.org","@graph":[{"@type":"WebPage","@id":"https:\/\/www.nautibotelho.pt\/fr\/produit\/tuyauterie-pour-leau-potable-dwhose32a\/","url":"https:\/\/www.nautibotelho.pt\/fr\/produit\/tuyauterie-pour-leau-potable-dwhose32a\/","name":"Tuyauterie pour l'eau potable DWHOSE32A - Nautibotelho - Repara\u00e7\u00e3o\/Manuten\u00e7\u00e3o de Barcos, A\u00e7ores","isPartOf":{"@id":"https:\/\/www.nautibotelho.pt\/fr\/#website"},"datePublished":"2022-10-31T10:40:13+00:00","dateModified":"2022-10-31T12:21:30+00:00","breadcrumb":{"@id":"https:\/\/www.nautibotelho.pt\/fr\/produit\/tuyauterie-pour-leau-potable-dwhose32a\/#breadcrumb"},"inLanguage":"fr-FR","potentialAction":[{"@type":"ReadAction","target":["https:\/\/www.nautibotelho.pt\/fr\/produit\/tuyauterie-pour-leau-potable-dwhose32a\/"]}]},{"@type":"BreadcrumbList","@id":"https:\/\/www.nautibotelho.pt\/fr\/produit\/tuyauterie-pour-leau-potable-dwhose32a\/#breadcrumb","itemListElement":[{"@type":"ListItem","position":1,"name":"Home","item":"https:\/\/www.nautibotelho.pt\/fr\/"},{"@type":"ListItem","position":2,"name":"Boutique","item":"https:\/\/www.nautibotelho.pt\/fr\/boutique\/"},{"@type":"ListItem","position":3,"name":"Tuyauterie pour l&#8217;eau potable DWHOSE32A"}]},{"@type":"WebSite","@id":"https:\/\/www.nautibotelho.pt\/fr\/#website","url":"https:\/\/www.nautibotelho.pt\/fr\/","name":"Nautibotelho - Repara\u00e7\u00e3o\/Manuten\u00e7\u00e3o de Barcos, A\u00e7ores","description":"","potentialAction":[{"@type":"SearchAction","target":{"@type":"EntryPoint","urlTemplate":"https:\/\/www.nautibotelho.pt\/fr\/?s={search_term_string}"},"query-input":"required name=search_term_string"}],"inLanguage":"fr-FR"}]}},"_links":{"self":[{"href":"https:\/\/www.nautibotelho.pt\/fr\/wp-json\/wp\/v2\/product\/1488"}],"collection":[{"href":"https:\/\/www.nautibotelho.pt\/fr\/wp-json\/wp\/v2\/product"}],"about":[{"href":"https:\/\/www.nautibotelho.pt\/fr\/wp-json\/wp\/v2\/types\/product"}],"wp:featuredmedia":[{"embeddable":true,"href":"https:\/\/www.nautibotelho.pt\/fr\/wp-json\/wp\/v2\/media\/1424"}],"wp:attachment":[{"href":"https:\/\/www.nautibotelho.pt\/fr\/wp-json\/wp\/v2\/media?parent=1488"}],"wp:term":[{"taxonomy":"product_cat","embeddable":true,"href":"https:\/\/www.nautibotelho.pt\/fr\/wp-json\/wp\/v2\/product_cat?post=1488"},{"taxonomy":"product_tag","embeddable":true,"href":"https:\/\/www.nautibotelho.pt\/fr\/wp-json\/wp\/v2\/product_tag?post=1488"}],"curies":[{"name":"wp","href":"https:\/\/api.w.org\/{rel}","templated":true}]}}