{"id":1492,"date":"2022-10-31T10:49:43","date_gmt":"2022-10-31T10:49:43","guid":{"rendered":"https:\/\/nautibotelho.pt\/produto\/tubo-escape-vetus-slang-50-dint51mm2-slang50\/"},"modified":"2022-10-31T12:23:57","modified_gmt":"2022-10-31T12:23:57","slug":"tuyau-dechappement-vetus-slang-50-dint51mm2-slang50","status":"publish","type":"product","link":"https:\/\/www.nautibotelho.pt\/fr\/produit\/tuyau-dechappement-vetus-slang-50-dint51mm2-slang50\/","title":{"rendered":"Tuyau d&#8217;\u00e9chappement Vetus Slang 50* Dint=51mm*2&#8243;   SLANG50"},"content":{"rendered":"","protected":false},"excerpt":{"rendered":"<p>Prix \u200b\u200b\u00e9quivalent \u00e0 chaque m\u00e8tre.<\/p>\n<p>La TVA est ajout\u00e9e \u00e0 la valeur.<\/p>\n","protected":false},"featured_media":1440,"template":"","meta":[],"product_cat":[73],"product_tag":[],"acf":[],"yoast_head":"<!-- This site is optimized with the Yoast SEO plugin v19.7.2 - https:\/\/yoast.com\/wordpress\/plugins\/seo\/ -->\n<title>Tuyau d&#039;\u00e9chappement Vetus Slang 50* Dint=51mm*2&quot;  SLANG50 - Nautibotelho - Repara\u00e7\u00e3o\/Manuten\u00e7\u00e3o de Barcos, A\u00e7ores<\/title>\n<meta name=\"robots\" content=\"index, follow, max-snippet:-1, max-image-preview:large, max-video-preview:-1\" \/>\n<link rel=\"canonical\" href=\"https:\/\/www.nautibotelho.pt\/fr\/produit\/tuyau-dechappement-vetus-slang-50-dint51mm2-slang50\/\" \/>\n<meta property=\"og:locale\" content=\"fr_FR\" \/>\n<meta property=\"og:type\" content=\"article\" \/>\n<meta property=\"og:title\" content=\"Tuyau d&#039;\u00e9chappement Vetus Slang 50* Dint=51mm*2&quot;  SLANG50 - Nautibotelho - Repara\u00e7\u00e3o\/Manuten\u00e7\u00e3o de Barcos, A\u00e7ores\" \/>\n<meta property=\"og:description\" content=\"Prix \u200b\u200b\u00e9quivalent \u00e0 chaque m\u00e8tre.  La TVA est ajout\u00e9e \u00e0 la valeur.\" \/>\n<meta property=\"og:url\" content=\"https:\/\/www.nautibotelho.pt\/fr\/produit\/tuyau-dechappement-vetus-slang-50-dint51mm2-slang50\/\" \/>\n<meta property=\"og:site_name\" content=\"Nautibotelho - Repara\u00e7\u00e3o\/Manuten\u00e7\u00e3o de Barcos, A\u00e7ores\" \/>\n<meta property=\"article:modified_time\" content=\"2022-10-31T12:23:57+00:00\" \/>\n<meta property=\"og:image\" content=\"https:\/\/www.nautibotelho.pt\/wp-content\/uploads\/2022\/10\/tubo_vetus.png\" \/>\n\t<meta property=\"og:image:width\" content=\"371\" \/>\n\t<meta property=\"og:image:height\" content=\"380\" \/>\n\t<meta property=\"og:image:type\" content=\"image\/png\" \/>\n<meta name=\"twitter:card\" content=\"summary_large_image\" \/>\n<script type=\"application\/ld+json\" class=\"yoast-schema-graph\">{\"@context\":\"https:\/\/schema.org\",\"@graph\":[{\"@type\":\"WebPage\",\"@id\":\"https:\/\/www.nautibotelho.pt\/fr\/produit\/tuyau-dechappement-vetus-slang-50-dint51mm2-slang50\/\",\"url\":\"https:\/\/www.nautibotelho.pt\/fr\/produit\/tuyau-dechappement-vetus-slang-50-dint51mm2-slang50\/\",\"name\":\"Tuyau d'\u00e9chappement Vetus Slang 50* Dint=51mm*2\\\" SLANG50 - Nautibotelho - Repara\u00e7\u00e3o\/Manuten\u00e7\u00e3o de Barcos, A\u00e7ores\",\"isPartOf\":{\"@id\":\"https:\/\/www.nautibotelho.pt\/fr\/#website\"},\"datePublished\":\"2022-10-31T10:49:43+00:00\",\"dateModified\":\"2022-10-31T12:23:57+00:00\",\"breadcrumb\":{\"@id\":\"https:\/\/www.nautibotelho.pt\/fr\/produit\/tuyau-dechappement-vetus-slang-50-dint51mm2-slang50\/#breadcrumb\"},\"inLanguage\":\"fr-FR\",\"potentialAction\":[{\"@type\":\"ReadAction\",\"target\":[\"https:\/\/www.nautibotelho.pt\/fr\/produit\/tuyau-dechappement-vetus-slang-50-dint51mm2-slang50\/\"]}]},{\"@type\":\"BreadcrumbList\",\"@id\":\"https:\/\/www.nautibotelho.pt\/fr\/produit\/tuyau-dechappement-vetus-slang-50-dint51mm2-slang50\/#breadcrumb\",\"itemListElement\":[{\"@type\":\"ListItem\",\"position\":1,\"name\":\"Home\",\"item\":\"https:\/\/www.nautibotelho.pt\/fr\/\"},{\"@type\":\"ListItem\",\"position\":2,\"name\":\"Boutique\",\"item\":\"https:\/\/www.nautibotelho.pt\/fr\/boutique\/\"},{\"@type\":\"ListItem\",\"position\":3,\"name\":\"Tuyau d&#8217;\u00e9chappement Vetus Slang 50* Dint=51mm*2&#8243; SLANG50\"}]},{\"@type\":\"WebSite\",\"@id\":\"https:\/\/www.nautibotelho.pt\/fr\/#website\",\"url\":\"https:\/\/www.nautibotelho.pt\/fr\/\",\"name\":\"Nautibotelho - Repara\u00e7\u00e3o\/Manuten\u00e7\u00e3o de Barcos, A\u00e7ores\",\"description\":\"\",\"potentialAction\":[{\"@type\":\"SearchAction\",\"target\":{\"@type\":\"EntryPoint\",\"urlTemplate\":\"https:\/\/www.nautibotelho.pt\/fr\/?s={search_term_string}\"},\"query-input\":\"required name=search_term_string\"}],\"inLanguage\":\"fr-FR\"}]}<\/script>\n<!-- \/ Yoast SEO plugin. -->","yoast_head_json":{"title":"Tuyau d'\u00e9chappement Vetus Slang 50* Dint=51mm*2\"  SLANG50 - Nautibotelho - Repara\u00e7\u00e3o\/Manuten\u00e7\u00e3o de Barcos, A\u00e7ores","robots":{"index":"index","follow":"follow","max-snippet":"max-snippet:-1","max-image-preview":"max-image-preview:large","max-video-preview":"max-video-preview:-1"},"canonical":"https:\/\/www.nautibotelho.pt\/fr\/produit\/tuyau-dechappement-vetus-slang-50-dint51mm2-slang50\/","og_locale":"fr_FR","og_type":"article","og_title":"Tuyau d'\u00e9chappement Vetus Slang 50* Dint=51mm*2\"  SLANG50 - Nautibotelho - Repara\u00e7\u00e3o\/Manuten\u00e7\u00e3o de Barcos, A\u00e7ores","og_description":"Prix \u200b\u200b\u00e9quivalent \u00e0 chaque m\u00e8tre.  La TVA est ajout\u00e9e \u00e0 la valeur.","og_url":"https:\/\/www.nautibotelho.pt\/fr\/produit\/tuyau-dechappement-vetus-slang-50-dint51mm2-slang50\/","og_site_name":"Nautibotelho - Repara\u00e7\u00e3o\/Manuten\u00e7\u00e3o de Barcos, A\u00e7ores","article_modified_time":"2022-10-31T12:23:57+00:00","og_image":[{"width":371,"height":380,"url":"https:\/\/www.nautibotelho.pt\/wp-content\/uploads\/2022\/10\/tubo_vetus.png","type":"image\/png"}],"twitter_card":"summary_large_image","schema":{"@context":"https:\/\/schema.org","@graph":[{"@type":"WebPage","@id":"https:\/\/www.nautibotelho.pt\/fr\/produit\/tuyau-dechappement-vetus-slang-50-dint51mm2-slang50\/","url":"https:\/\/www.nautibotelho.pt\/fr\/produit\/tuyau-dechappement-vetus-slang-50-dint51mm2-slang50\/","name":"Tuyau d'\u00e9chappement Vetus Slang 50* Dint=51mm*2\" SLANG50 - Nautibotelho - Repara\u00e7\u00e3o\/Manuten\u00e7\u00e3o de Barcos, A\u00e7ores","isPartOf":{"@id":"https:\/\/www.nautibotelho.pt\/fr\/#website"},"datePublished":"2022-10-31T10:49:43+00:00","dateModified":"2022-10-31T12:23:57+00:00","breadcrumb":{"@id":"https:\/\/www.nautibotelho.pt\/fr\/produit\/tuyau-dechappement-vetus-slang-50-dint51mm2-slang50\/#breadcrumb"},"inLanguage":"fr-FR","potentialAction":[{"@type":"ReadAction","target":["https:\/\/www.nautibotelho.pt\/fr\/produit\/tuyau-dechappement-vetus-slang-50-dint51mm2-slang50\/"]}]},{"@type":"BreadcrumbList","@id":"https:\/\/www.nautibotelho.pt\/fr\/produit\/tuyau-dechappement-vetus-slang-50-dint51mm2-slang50\/#breadcrumb","itemListElement":[{"@type":"ListItem","position":1,"name":"Home","item":"https:\/\/www.nautibotelho.pt\/fr\/"},{"@type":"ListItem","position":2,"name":"Boutique","item":"https:\/\/www.nautibotelho.pt\/fr\/boutique\/"},{"@type":"ListItem","position":3,"name":"Tuyau d&#8217;\u00e9chappement Vetus Slang 50* Dint=51mm*2&#8243; SLANG50"}]},{"@type":"WebSite","@id":"https:\/\/www.nautibotelho.pt\/fr\/#website","url":"https:\/\/www.nautibotelho.pt\/fr\/","name":"Nautibotelho - Repara\u00e7\u00e3o\/Manuten\u00e7\u00e3o de Barcos, A\u00e7ores","description":"","potentialAction":[{"@type":"SearchAction","target":{"@type":"EntryPoint","urlTemplate":"https:\/\/www.nautibotelho.pt\/fr\/?s={search_term_string}"},"query-input":"required name=search_term_string"}],"inLanguage":"fr-FR"}]}},"_links":{"self":[{"href":"https:\/\/www.nautibotelho.pt\/fr\/wp-json\/wp\/v2\/product\/1492"}],"collection":[{"href":"https:\/\/www.nautibotelho.pt\/fr\/wp-json\/wp\/v2\/product"}],"about":[{"href":"https:\/\/www.nautibotelho.pt\/fr\/wp-json\/wp\/v2\/types\/product"}],"wp:featuredmedia":[{"embeddable":true,"href":"https:\/\/www.nautibotelho.pt\/fr\/wp-json\/wp\/v2\/media\/1440"}],"wp:attachment":[{"href":"https:\/\/www.nautibotelho.pt\/fr\/wp-json\/wp\/v2\/media?parent=1492"}],"wp:term":[{"taxonomy":"product_cat","embeddable":true,"href":"https:\/\/www.nautibotelho.pt\/fr\/wp-json\/wp\/v2\/product_cat?post=1492"},{"taxonomy":"product_tag","embeddable":true,"href":"https:\/\/www.nautibotelho.pt\/fr\/wp-json\/wp\/v2\/product_tag?post=1492"}],"curies":[{"name":"wp","href":"https:\/\/api.w.org\/{rel}","templated":true}]}}